{"id":260,"date":"2023-08-08T10:52:00","date_gmt":"2023-08-08T10:52:00","guid":{"rendered":"https:\/\/instalatii-fotovoltaice.ro\/wp\/?page_id=260"},"modified":"2023-08-08T10:53:42","modified_gmt":"2023-08-08T10:53:42","slug":"obtine-ti-independenta-energetica","status":"publish","type":"page","link":"https:\/\/instalatii-fotovoltaice.ro\/hu\/obtine-ti-independenta-energetica\/","title":{"rendered":"Ob\u021bine-\u021bi independen\u021b\u0103 energetic\u0103"},"content":{"rendered":"<p class=\"has-big-font-size\"><strong>Ob\u021bine-\u021bi independen\u021b\u0103 energetic\u0103<\/strong><\/p>\n\n\n\n<p>Legyen a saj\u00e1t energiatermel\u0151je, \u00e9s ne legyen t\u00f6bb\u00e9 kit\u00e9ve az \u00e1ringadoz\u00e1soknak \u00e9s az energiaszolg\u00e1ltat\u00f3 megszak\u00edt\u00e1sainak.<\/p>\n\n\n\n<div class=\"wp-block-media-text alignwide has-media-on-the-right is-stacked-on-mobile is-vertically-aligned-center has-background\" style=\"background-color:#f1f5c7\"><div class=\"wp-block-media-text__content\">\n<p>Fluctua\u021biile pre\u021burilor la energie sunt o realitate cu care ne confrunt\u0103m \u00een mod constant. Pre\u021burile la combustibilii fosili \u0219i la energia electric\u0103 pot varia \u00een func\u021bie de numero\u0219i factori precum cererea global\u0103, instabilitatea geopolitic\u0103 \u0219i resursele limitate. Aceste fluctua\u021bii pot avea un impact semnificativ asupra facturilor tale lunare de energie, f\u0103c\u00e2ndu-le imprevizibile \u0219i uneori dificil de gestionat.<\/p>\n\n\n\n<p>Cu energia solar\u0103, \u00eens\u0103, ai controlul asupra propriilor costuri energetice. Panourile solare \u00ee\u021bi permit s\u0103 produci electricitate \u00een mod independent, folosind puterea soarelui, o resurs\u0103 abundent\u0103 \u0219i gratuit\u0103. Pe m\u0103sur\u0103 ce generezi energie solar\u0103, devii mai pu\u021bin dependent de re\u021beaua electric\u0103 tradi\u021bional\u0103 \u0219i po\u021bi chiar s\u0103 reduci sau s\u0103 elimini \u00een totalitate factura de energie. Astfel, te protejezi de cre\u0219terea nea\u0219teptat\u0103 a pre\u021burilor la energie \u0219i ai certitudinea c\u0103 vei beneficia de costuri stabile \u0219i controlate pe termen lung.<\/p>\n<\/div><figure class=\"wp-block-media-text__media\"><img decoding=\"async\" src=\"https:\/\/s.w.org\/patterns\/files\/2021\/06\/pear-1-1024x1024.png\" alt=\"\" class=\"wp-image-5263 size-full\"\/><\/figure><\/div>\n\n\n\n<div class=\"wp-block-media-text alignwide is-stacked-on-mobile is-vertically-aligned-center has-background\" style=\"background-color:#fffdea\"><figure class=\"wp-block-media-text__media\"><img decoding=\"async\" src=\"https:\/\/s.w.org\/patterns\/files\/2021\/06\/pear-half-1024x1024.png\" alt=\"\" class=\"wp-image-673 size-full\"\/><\/figure><div class=\"wp-block-media-text__content\">\n<p>\u00cen plus, tehnologia solar\u0103 \u00ee\u021bi ofer\u0103 o siguran\u021b\u0103 crescut\u0103 \u00een cazul \u00eentreruperilor furnizorului de energie. Situa\u021biile de pan\u0103 de curent sau de \u00eentreruperi planificate pot crea inconveniente majore \u00een via\u021ba de zi cu zi \u0219i pot afecta activit\u0103\u021bile \u0219i aparatele esen\u021biale. Cu un sistem de energie solar\u0103 echipat cu stocare de energie, po\u021bi s\u0103 acumulezi excesul de electricitate generat de panouri \u00een timpul zilei \u0219i s\u0103 \u00eel folose\u0219ti \u00een timpul nop\u021bii sau \u00een caz de \u00eentrerupere a aliment\u0103rii din re\u021bea. Astfel, r\u0103m\u00e2i conectat la energie chiar \u0219i atunci c\u00e2nd re\u021beaua nu func\u021bioneaz\u0103.<\/p>\n\n\n\n<p>Decizia de a deveni propriul produc\u0103tor de energie solar\u0103 nu doar c\u0103 \u00ee\u021bi ofer\u0103 independen\u021b\u0103 \u0219i stabilitate financiar\u0103, ci te pune \u0219i \u00een pozi\u021bia de a contribui la o lume mai durabil\u0103 \u0219i mai sigur\u0103. Reducerea dependen\u021bei de sursele de energie poluante \u0219i de re\u021beaua electric\u0103 tradi\u021bional\u0103 are un impact pozitiv asupra mediului \u0219i ajut\u0103 la combaterea schimb\u0103rilor climatice. \u00cen final, investi\u021bia \u00een energia solar\u0103 este o alegere inteligent\u0103 care \u00ee\u021bi aduce beneficii pe termen scurt \u0219i lung, \u00een timp ce contribui la bun\u0103starea \u0219i sustenabilitatea planetei noastre.<\/p>\n<\/div><\/div>","protected":false},"excerpt":{"rendered":"<p>Ob\u021bine-\u021bi independen\u021b\u0103 energetic\u0103 Devino propriul produc\u0103tor de energie \u0219i nu mai fii afectati de fluctua\u021biile pre\u021burilor \u0219i \u00eentreruperile furnizorului de energie. Fluctua\u021biile pre\u021burilor la energie sunt o realitate cu care ne confrunt\u0103m \u00een mod constant. Pre\u021burile la combustibilii fosili \u0219i la energia electric\u0103 pot varia \u00een func\u021bie de numero\u0219i factori [&hellip;]<\/p>","protected":false},"author":1,"featured_media":0,"parent":0,"menu_order":0,"comment_status":"closed","ping_status":"closed","template":"","meta":{"_vp_format_video_url":"","_vp_image_focal_point":[],"footnotes":""},"class_list":["post-260","page","type-page","status-publish","hentry"],"yoast_head":"<!-- This site is optimized with the Yoast SEO plugin v25.5 - https:\/\/yoast.com\/wordpress\/plugins\/seo\/ -->\n<title>Ob\u021bine-\u021bi independen\u021b\u0103 energetic\u0103 - Instala\u021bii fotovoltaice<\/title>\n<meta name=\"robots\" content=\"index, follow, max-snippet:-1, max-image-preview:large, max-video-preview:-1\" \/>\n<link rel=\"canonical\" href=\"https:\/\/instalatii-fotovoltaice.ro\/hu\/obtine-ti-independenta-energetica\/\" \/>\n<meta property=\"og:locale\" content=\"hu_HU\" \/>\n<meta property=\"og:type\" content=\"article\" \/>\n<meta property=\"og:title\" content=\"Ob\u021bine-\u021bi independen\u021b\u0103 energetic\u0103 - Instala\u021bii fotovoltaice\" \/>\n<meta property=\"og:description\" content=\"Ob\u021bine-\u021bi independen\u021b\u0103 energetic\u0103 Devino propriul produc\u0103tor de energie \u0219i nu mai fii afectati de fluctua\u021biile pre\u021burilor \u0219i \u00eentreruperile furnizorului de energie. Fluctua\u021biile pre\u021burilor la energie sunt o realitate cu care ne confrunt\u0103m \u00een mod constant. Pre\u021burile la combustibilii fosili \u0219i la energia electric\u0103 pot varia \u00een func\u021bie de numero\u0219i factori [&hellip;]\" \/>\n<meta property=\"og:url\" content=\"https:\/\/instalatii-fotovoltaice.ro\/hu\/obtine-ti-independenta-energetica\/\" \/>\n<meta property=\"og:site_name\" content=\"Instala\u021bii fotovoltaice\" \/>\n<meta property=\"article:publisher\" content=\"https:\/\/www.facebook.com\/villexelectric\" \/>\n<meta property=\"article:modified_time\" content=\"2023-08-08T10:53:42+00:00\" \/>\n<meta property=\"og:image\" content=\"https:\/\/s.w.org\/patterns\/files\/2021\/06\/pear-1-1024x1024.png\" \/>\n<meta name=\"twitter:card\" content=\"summary_large_image\" \/>\n<meta name=\"twitter:label1\" content=\"Becs\u00fclt olvas\u00e1si id\u0151\" \/>\n\t<meta name=\"twitter:data1\" content=\"2 perc\" \/>\n<script type=\"application\/ld+json\" class=\"yoast-schema-graph\">{\"@context\":\"https:\/\/schema.org\",\"@graph\":[{\"@type\":\"WebPage\",\"@id\":\"https:\/\/instalatii-fotovoltaice.ro\/obtine-ti-independenta-energetica\/\",\"url\":\"https:\/\/instalatii-fotovoltaice.ro\/obtine-ti-independenta-energetica\/\",\"name\":\"Ob\u021bine-\u021bi independen\u021b\u0103 energetic\u0103 - Instala\u021bii fotovoltaice\",\"isPartOf\":{\"@id\":\"https:\/\/instalatii-fotovoltaice.ro\/#website\"},\"primaryImageOfPage\":{\"@id\":\"https:\/\/instalatii-fotovoltaice.ro\/obtine-ti-independenta-energetica\/#primaryimage\"},\"image\":{\"@id\":\"https:\/\/instalatii-fotovoltaice.ro\/obtine-ti-independenta-energetica\/#primaryimage\"},\"thumbnailUrl\":\"https:\/\/s.w.org\/patterns\/files\/2021\/06\/pear-1-1024x1024.png\",\"datePublished\":\"2023-08-08T10:52:00+00:00\",\"dateModified\":\"2023-08-08T10:53:42+00:00\",\"breadcrumb\":{\"@id\":\"https:\/\/instalatii-fotovoltaice.ro\/obtine-ti-independenta-energetica\/#breadcrumb\"},\"inLanguage\":\"hu\",\"potentialAction\":[{\"@type\":\"ReadAction\",\"target\":[\"https:\/\/instalatii-fotovoltaice.ro\/obtine-ti-independenta-energetica\/\"]}]},{\"@type\":\"ImageObject\",\"inLanguage\":\"hu\",\"@id\":\"https:\/\/instalatii-fotovoltaice.ro\/obtine-ti-independenta-energetica\/#primaryimage\",\"url\":\"https:\/\/s.w.org\/patterns\/files\/2021\/06\/pear-1-1024x1024.png\",\"contentUrl\":\"https:\/\/s.w.org\/patterns\/files\/2021\/06\/pear-1-1024x1024.png\"},{\"@type\":\"BreadcrumbList\",\"@id\":\"https:\/\/instalatii-fotovoltaice.ro\/obtine-ti-independenta-energetica\/#breadcrumb\",\"itemListElement\":[{\"@type\":\"ListItem\",\"position\":1,\"name\":\"Prima pagin\u0103\",\"item\":\"https:\/\/instalatii-fotovoltaice.ro\/\"},{\"@type\":\"ListItem\",\"position\":2,\"name\":\"Ob\u021bine-\u021bi independen\u021b\u0103 energetic\u0103\"}]},{\"@type\":\"WebSite\",\"@id\":\"https:\/\/instalatii-fotovoltaice.ro\/#website\",\"url\":\"https:\/\/instalatii-fotovoltaice.ro\/\",\"name\":\"Instala\u021bii fotovoltaice\",\"description\":\"\",\"publisher\":{\"@id\":\"https:\/\/instalatii-fotovoltaice.ro\/#organization\"},\"potentialAction\":[{\"@type\":\"SearchAction\",\"target\":{\"@type\":\"EntryPoint\",\"urlTemplate\":\"https:\/\/instalatii-fotovoltaice.ro\/?s={search_term_string}\"},\"query-input\":{\"@type\":\"PropertyValueSpecification\",\"valueRequired\":true,\"valueName\":\"search_term_string\"}}],\"inLanguage\":\"hu\"},{\"@type\":\"Organization\",\"@id\":\"https:\/\/instalatii-fotovoltaice.ro\/#organization\",\"name\":\"Instala\u021bii fotovoltaice\",\"url\":\"https:\/\/instalatii-fotovoltaice.ro\/\",\"logo\":{\"@type\":\"ImageObject\",\"inLanguage\":\"hu\",\"@id\":\"https:\/\/instalatii-fotovoltaice.ro\/#\/schema\/logo\/image\/\",\"url\":\"https:\/\/instalatii-fotovoltaice.ro\/wp\/wp-content\/uploads\/2023\/08\/logo2.png\",\"contentUrl\":\"https:\/\/instalatii-fotovoltaice.ro\/wp\/wp-content\/uploads\/2023\/08\/logo2.png\",\"width\":225,\"height\":61,\"caption\":\"Instala\u021bii fotovoltaice\"},\"image\":{\"@id\":\"https:\/\/instalatii-fotovoltaice.ro\/#\/schema\/logo\/image\/\"},\"sameAs\":[\"https:\/\/www.facebook.com\/villexelectric\"]}]}<\/script>\n<!-- \/ Yoast SEO plugin. -->","yoast_head_json":{"title":"Ob\u021bine-\u021bi independen\u021b\u0103 energetic\u0103 - Instala\u021bii fotovoltaice","robots":{"index":"index","follow":"follow","max-snippet":"max-snippet:-1","max-image-preview":"max-image-preview:large","max-video-preview":"max-video-preview:-1"},"canonical":"https:\/\/instalatii-fotovoltaice.ro\/hu\/obtine-ti-independenta-energetica\/","og_locale":"hu_HU","og_type":"article","og_title":"Ob\u021bine-\u021bi independen\u021b\u0103 energetic\u0103 - Instala\u021bii fotovoltaice","og_description":"Ob\u021bine-\u021bi independen\u021b\u0103 energetic\u0103 Devino propriul produc\u0103tor de energie \u0219i nu mai fii afectati de fluctua\u021biile pre\u021burilor \u0219i \u00eentreruperile furnizorului de energie. Fluctua\u021biile pre\u021burilor la energie sunt o realitate cu care ne confrunt\u0103m \u00een mod constant. Pre\u021burile la combustibilii fosili \u0219i la energia electric\u0103 pot varia \u00een func\u021bie de numero\u0219i factori [&hellip;]","og_url":"https:\/\/instalatii-fotovoltaice.ro\/hu\/obtine-ti-independenta-energetica\/","og_site_name":"Instala\u021bii fotovoltaice","article_publisher":"https:\/\/www.facebook.com\/villexelectric","article_modified_time":"2023-08-08T10:53:42+00:00","og_image":[{"url":"https:\/\/s.w.org\/patterns\/files\/2021\/06\/pear-1-1024x1024.png","type":"","width":"","height":""}],"twitter_card":"summary_large_image","twitter_misc":{"Becs\u00fclt olvas\u00e1si id\u0151":"2 perc"},"schema":{"@context":"https:\/\/schema.org","@graph":[{"@type":"WebPage","@id":"https:\/\/instalatii-fotovoltaice.ro\/obtine-ti-independenta-energetica\/","url":"https:\/\/instalatii-fotovoltaice.ro\/obtine-ti-independenta-energetica\/","name":"Ob\u021bine-\u021bi independen\u021b\u0103 energetic\u0103 - Instala\u021bii fotovoltaice","isPartOf":{"@id":"https:\/\/instalatii-fotovoltaice.ro\/#website"},"primaryImageOfPage":{"@id":"https:\/\/instalatii-fotovoltaice.ro\/obtine-ti-independenta-energetica\/#primaryimage"},"image":{"@id":"https:\/\/instalatii-fotovoltaice.ro\/obtine-ti-independenta-energetica\/#primaryimage"},"thumbnailUrl":"https:\/\/s.w.org\/patterns\/files\/2021\/06\/pear-1-1024x1024.png","datePublished":"2023-08-08T10:52:00+00:00","dateModified":"2023-08-08T10:53:42+00:00","breadcrumb":{"@id":"https:\/\/instalatii-fotovoltaice.ro\/obtine-ti-independenta-energetica\/#breadcrumb"},"inLanguage":"hu","potentialAction":[{"@type":"ReadAction","target":["https:\/\/instalatii-fotovoltaice.ro\/obtine-ti-independenta-energetica\/"]}]},{"@type":"ImageObject","inLanguage":"hu","@id":"https:\/\/instalatii-fotovoltaice.ro\/obtine-ti-independenta-energetica\/#primaryimage","url":"https:\/\/s.w.org\/patterns\/files\/2021\/06\/pear-1-1024x1024.png","contentUrl":"https:\/\/s.w.org\/patterns\/files\/2021\/06\/pear-1-1024x1024.png"},{"@type":"BreadcrumbList","@id":"https:\/\/instalatii-fotovoltaice.ro\/obtine-ti-independenta-energetica\/#breadcrumb","itemListElement":[{"@type":"ListItem","position":1,"name":"Prima pagin\u0103","item":"https:\/\/instalatii-fotovoltaice.ro\/"},{"@type":"ListItem","position":2,"name":"Ob\u021bine-\u021bi independen\u021b\u0103 energetic\u0103"}]},{"@type":"WebSite","@id":"https:\/\/instalatii-fotovoltaice.ro\/#website","url":"https:\/\/instalatii-fotovoltaice.ro\/","name":"Fotovoltaikus berendez\u00e9sek","description":"","publisher":{"@id":"https:\/\/instalatii-fotovoltaice.ro\/#organization"},"potentialAction":[{"@type":"SearchAction","target":{"@type":"EntryPoint","urlTemplate":"https:\/\/instalatii-fotovoltaice.ro\/?s={search_term_string}"},"query-input":{"@type":"PropertyValueSpecification","valueRequired":true,"valueName":"search_term_string"}}],"inLanguage":"hu"},{"@type":"Organization","@id":"https:\/\/instalatii-fotovoltaice.ro\/#organization","name":"Fotovoltaikus berendez\u00e9sek","url":"https:\/\/instalatii-fotovoltaice.ro\/","logo":{"@type":"ImageObject","inLanguage":"hu","@id":"https:\/\/instalatii-fotovoltaice.ro\/#\/schema\/logo\/image\/","url":"https:\/\/instalatii-fotovoltaice.ro\/wp\/wp-content\/uploads\/2023\/08\/logo2.png","contentUrl":"https:\/\/instalatii-fotovoltaice.ro\/wp\/wp-content\/uploads\/2023\/08\/logo2.png","width":225,"height":61,"caption":"Instala\u021bii fotovoltaice"},"image":{"@id":"https:\/\/instalatii-fotovoltaice.ro\/#\/schema\/logo\/image\/"},"sameAs":["https:\/\/www.facebook.com\/villexelectric"]}]}},"_links":{"self":[{"href":"https:\/\/instalatii-fotovoltaice.ro\/hu\/wp-json\/wp\/v2\/pages\/260","targetHints":{"allow":["GET"]}}],"collection":[{"href":"https:\/\/instalatii-fotovoltaice.ro\/hu\/wp-json\/wp\/v2\/pages"}],"about":[{"href":"https:\/\/instalatii-fotovoltaice.ro\/hu\/wp-json\/wp\/v2\/types\/page"}],"author":[{"embeddable":true,"href":"https:\/\/instalatii-fotovoltaice.ro\/hu\/wp-json\/wp\/v2\/users\/1"}],"replies":[{"embeddable":true,"href":"https:\/\/instalatii-fotovoltaice.ro\/hu\/wp-json\/wp\/v2\/comments?post=260"}],"version-history":[{"count":0,"href":"https:\/\/instalatii-fotovoltaice.ro\/hu\/wp-json\/wp\/v2\/pages\/260\/revisions"}],"wp:attachment":[{"href":"https:\/\/instalatii-fotovoltaice.ro\/hu\/wp-json\/wp\/v2\/media?parent=260"}],"curies":[{"name":"wp","href":"https:\/\/api.w.org\/{rel}","templated":true}]}}