{"id":72,"date":"2023-07-07T09:15:40","date_gmt":"2023-07-07T09:15:40","guid":{"rendered":"https:\/\/instalatii-fotovoltaice.ro\/wp\/?page_id=72"},"modified":"2023-08-07T13:21:40","modified_gmt":"2023-08-07T13:21:40","slug":"servicii","status":"publish","type":"page","link":"https:\/\/instalatii-fotovoltaice.ro\/ro\/servicii\/","title":{"rendered":"Servicii"},"content":{"rendered":"\t\t\r\n<div class=\"container service_style1 wlsbp-service-106\">\r\n\t\t<h2 class=\"wlsbp-ServiceShowcase-title\">Serviciile noastre<\/h2>\r\n\t\t<div class=\"row\">\r\n\t\t\t\t\t\t\t<div class=\"wlsbp col-md-4 col-sm-6 sbp_grid\">\r\n\t\t\t\t\t\t<div class=\"ServiceShowcase wlsbp-style1-service-bg-color-106\">\r\n\t\t\t\t\t\t\t\t\t\t\t\t\t\t<div class=\"wlsbp-style1-service-icon wlsbp-style1-service-icon-106\"><i class=\"fas fa-chart-area\"><\/i>\r\n\t\t\t\t\t\t\t<\/div>\r\n\t\t\t\t\t\t\t\t\t\t\t\t\t\t\t\t\t\t\t\t\t\t<h3 class=\"wlsbp-style1-service-title wlsbp-style1-service-title-106\">Consultan\u021b\u0103 \u00een dimensionarea \u0219i bugetarea sistemelor fotovoltaice<\/h3>\r\n\t\t\t\t\t\t\t\t\t\t\t\t\t\t\t\t\t\t\t\t\t\t<p class=\"wlsbp-style1-service-desc wlsbp-style1-service-desc-106\">Aceast\u0103 etap\u0103 asigur\u0103 c\u0103 sistemul fotovoltaic este adecvat pentru nevoile tale energetice \u0219i se \u00eencadreaz\u0103 \u00eentr-un buget corespunz\u0103tor.<\/p>\r\n\t\t\t\t\t\t\t\t\t\t\t\t\t\t \t\t\t\t\t\t\t<a target=\"_blank\" href=\"https:\/\/instalatii-fotovoltaice.ro\/wp\/consultanta-in-dimensionarea-si-bugetarea-sistemelor-fotovoltaice\/\" class=\"wlsbp-style1-service-readmore wlsbp-style1-service-readmore-106\">Read More<\/a>\r\n\t\t\t\t\t\t\t\t\t\t\t\t\t<\/div>\r\n\t\t\t\t\t<\/div>\r\n\t\t\t\t\t\t\t\t\t<div class=\"wlsbp col-md-4 col-sm-6 sbp_grid\">\r\n\t\t\t\t\t\t<div class=\"ServiceShowcase wlsbp-style1-service-bg-color-106\">\r\n\t\t\t\t\t\t\t\t\t\t\t\t\t\t<div class=\"wlsbp-style1-service-icon wlsbp-style1-service-icon-106\"><i class=\"fab fa-firstdraft\"><\/i>\r\n\t\t\t\t\t\t\t<\/div>\r\n\t\t\t\t\t\t\t\t\t\t\t\t\t\t\t\t\t\t\t\t\t\t<h3 class=\"wlsbp-style1-service-title wlsbp-style1-service-title-106\">Proiectare sisteme fotovoltaice<\/h3>\r\n\t\t\t\t\t\t\t\t\t\t\t\t\t\t\t\t\t\t\t\t\t\t<p class=\"wlsbp-style1-service-desc wlsbp-style1-service-desc-106\">Planificarea \u0219i configurarea detaliat\u0103 a componentelor sistemului, asigur\u00e2ndu-se c\u0103 acesta func\u021bioneaz\u0103 optim pentru a genera \u0219i utiliza energia solar\u0103 \u00een mod eficient.<\/p>\r\n\t\t\t\t\t\t\t\t\t\t\t\t\t\t \t\t\t\t\t\t\t<a target=\"_blank\" href=\"https:\/\/instalatii-fotovoltaice.ro\/wp\/proiectare-sisteme-fotovoltaice\/\" class=\"wlsbp-style1-service-readmore wlsbp-style1-service-readmore-106\">Read More<\/a>\r\n\t\t\t\t\t\t\t\t\t\t\t\t\t<\/div>\r\n\t\t\t\t\t<\/div>\r\n\t\t\t\t\t\t\t\t\t<div class=\"wlsbp col-md-4 col-sm-6 sbp_grid\">\r\n\t\t\t\t\t\t<div class=\"ServiceShowcase wlsbp-style1-service-bg-color-106\">\r\n\t\t\t\t\t\t\t\t\t\t\t\t\t\t<div class=\"wlsbp-style1-service-icon wlsbp-style1-service-icon-106\"><i class=\"fas fa-wrench\"><\/i>\r\n\t\t\t\t\t\t\t<\/div>\r\n\t\t\t\t\t\t\t\t\t\t\t\t\t\t\t\t\t\t\t\t\t\t<h3 class=\"wlsbp-style1-service-title wlsbp-style1-service-title-106\">Execu\u021bie la cheie de sisteme fotovoltaice<\/h3>\r\n\t\t\t\t\t\t\t\t\t\t\t\t\t\t\t\t\t\t\t\t\t\t<p class=\"wlsbp-style1-service-desc wlsbp-style1-service-desc-106\">Acoper\u0103 \u00eentregul proces, de la concep\u021bia proiectului p\u00e2n\u0103 la punerea \u00een func\u021biune a instala\u021biei de energie solar\u0103. Oferim clien\u021bilor o solu\u021bie complet\u0103 \u0219i f\u0103r\u0103 griji pentru tranzi\u021bia la energia solar\u0103.<\/p>\r\n\t\t\t\t\t\t\t\t\t\t\t\t\t\t \t\t\t\t\t\t\t<a target=\"_blank\" href=\"https:\/\/instalatii-fotovoltaice.ro\/wp\/executie-la-cheie-de-sisteme-fotovoltaice\/\" class=\"wlsbp-style1-service-readmore wlsbp-style1-service-readmore-106\">Read More<\/a>\r\n\t\t\t\t\t\t\t\t\t\t\t\t\t<\/div>\r\n\t\t\t\t\t<\/div>\r\n\t\t\t\t\t\t\t\t\t<div class=\"wlsbp col-md-4 col-sm-6 sbp_grid\">\r\n\t\t\t\t\t\t<div class=\"ServiceShowcase wlsbp-style1-service-bg-color-106\">\r\n\t\t\t\t\t\t\t\t\t\t\t\t\t\t<div class=\"wlsbp-style1-service-icon wlsbp-style1-service-icon-106\"><i class=\"fas fa-bolt\"><\/i>\r\n\t\t\t\t\t\t\t<\/div>\r\n\t\t\t\t\t\t\t\t\t\t\t\t\t\t\t\t\t\t\t\t\t\t<h3 class=\"wlsbp-style1-service-title wlsbp-style1-service-title-106\">M\u0103sur\u0103ri prize de p\u0103m\u00e2nt<\/h3>\r\n\t\t\t\t\t\t\t\t\t\t\t\t\t\t\t\t\t\t\t\t\t\t<p class=\"wlsbp-style1-service-desc wlsbp-style1-service-desc-106\">M\u0103sur\u0103rile prizei de p\u0103m\u00e2nt sunt un aspect esen\u021bial \u00een asigurarea siguran\u021bei \u0219i func\u021bion\u0103rii corecte a sistemelor electrice \u0219i electronice. Priza de p\u0103m\u00e2nt, sau leg\u0103tura la p\u0103m\u00e2nt, reprezint\u0103 o conexiune electric\u0103 \u00eentre echipamentele electrice \u0219i solul, av\u00e2nd rolul de a disipa curentul electric \u00een siguran\u021b\u0103 \u00een cazul unei defec\u021biuni sau a scurtcircuitelor. M\u0103surarea prizei de p\u0103m\u00e2nt implic\u0103 determinarea rezisten\u021bei electrice dintre punctul de legare a echipamentului \u0219i sol. \r\n<\/p>\r\n\t\t\t\t\t\t\t\t\t\t\t\t\t\t \t\t\t\t\t\t\t<a target=\"_blank\" href=\"https:\/\/instalatii-fotovoltaice.ro\/wp\/masurari-prize-de-pamant\/\" class=\"wlsbp-style1-service-readmore wlsbp-style1-service-readmore-106\">Read More<\/a>\r\n\t\t\t\t\t\t\t\t\t\t\t\t\t<\/div>\r\n\t\t\t\t\t<\/div>\r\n\t\t\t\t\t\t\t\t\t<div class=\"wlsbp col-md-4 col-sm-6 sbp_grid\">\r\n\t\t\t\t\t\t<div class=\"ServiceShowcase wlsbp-style1-service-bg-color-106\">\r\n\t\t\t\t\t\t\t\t\t\t\t\t\t\t<div class=\"wlsbp-style1-service-icon wlsbp-style1-service-icon-106\"><i class=\"fas fa-battery-full\"><\/i>\r\n\t\t\t\t\t\t\t<\/div>\r\n\t\t\t\t\t\t\t\t\t\t\t\t\t\t\t\t\t\t\t\t\t\t<h3 class=\"wlsbp-style1-service-title wlsbp-style1-service-title-106\">Execu\u021bie bran\u0219amente \u0219i lucr\u0103ri de spor de putere<\/h3>\r\n\t\t\t\t\t\t\t\t\t\t\t\t\t\t\t\t\t\t\t\t\t\t<p class=\"wlsbp-style1-service-desc wlsbp-style1-service-desc-106\">Execu\u021bia bran\u0219amentelor \u0219i lucr\u0103rilor de spor de putere reprezint\u0103 opera\u021biuni esen\u021biale \u00een domeniul electricit\u0103\u021bii, care implic\u0103 conectarea la re\u021beaua electric\u0103 \u0219i gestionarea necesar\u0103 a cre\u0219terii capacit\u0103\u021bii de alimentare cu energie electric\u0103 pentru a satisface nevoile sporite ale unui consumator.\r\n\r\n<\/p>\r\n\t\t\t\t\t\t\t\t\t\t\t\t\t\t \t\t\t\t\t\t\t<a target=\"_blank\" href=\"https:\/\/instalatii-fotovoltaice.ro\/wp\/executie-bransamente-si-lucrari-de-spor-de-putere\/\" class=\"wlsbp-style1-service-readmore wlsbp-style1-service-readmore-106\">Read More<\/a>\r\n\t\t\t\t\t\t\t\t\t\t\t\t\t<\/div>\r\n\t\t\t\t\t<\/div>\r\n\t\t\t\t\t\t\t\t\t<div class=\"wlsbp col-md-4 col-sm-6 sbp_grid\">\r\n\t\t\t\t\t\t<div class=\"ServiceShowcase wlsbp-style1-service-bg-color-106\">\r\n\t\t\t\t\t\t\t\t\t\t\t\t\t\t<div class=\"wlsbp-style1-service-icon wlsbp-style1-service-icon-106\"><i class=\"fas fa-file-alt\"><\/i>\r\n\t\t\t\t\t\t\t<\/div>\r\n\t\t\t\t\t\t\t\t\t\t\t\t\t\t\t\t\t\t\t\t\t\t<h3 class=\"wlsbp-style1-service-title wlsbp-style1-service-title-106\">\u00centocmire \u0219i depunere documenta\u021bii de prosumator<\/h3>\r\n\t\t\t\t\t\t\t\t\t\t\t\t\t\t\t\t\t\t\t\t\t\t<p class=\"wlsbp-style1-service-desc wlsbp-style1-service-desc-106\">Sunt etape esen\u021biale pentru persoanele sau companiile care doresc s\u0103 devin\u0103 prosumatori de energie electric\u0103, adic\u0103 s\u0103 produc\u0103 \u0219i s\u0103 consume propriul lor curent electric, inclusiv s\u0103 v\u00e2nd\u0103 excesul de energie \u00eenapoi \u00een re\u021beaua electric\u0103. Aceste documenta\u021bii sunt necesare pentru a ob\u021bine aprob\u0103rile \u0219i autoriza\u021biile necesare \u0219i pentru a putea beneficia de avantajele financiare ale produc\u021biei de energie solare<\/p>\r\n\t\t\t\t\t\t\t\t\t\t\t\t\t\t \t\t\t\t\t\t\t<a target=\"_blank\" href=\"https:\/\/instalatii-fotovoltaice.ro\/wp\/intocmire-si-depunere-documentatii-de-prosumator\/\" class=\"wlsbp-style1-service-readmore wlsbp-style1-service-readmore-106\">Read More<\/a>\r\n\t\t\t\t\t\t\t\t\t\t\t\t\t<\/div>\r\n\t\t\t\t\t<\/div>\r\n\t\t\t\t\t<\/div>\r\n<\/div>\t\t\n","protected":false},"excerpt":{"rendered":"","protected":false},"author":1,"featured_media":0,"parent":0,"menu_order":0,"comment_status":"closed","ping_status":"closed","template":"","meta":{"_vp_format_video_url":"","_vp_image_focal_point":[],"footnotes":""},"class_list":["post-72","page","type-page","status-publish","hentry"],"yoast_head":"<!-- This site is optimized with the Yoast SEO plugin v25.5 - https:\/\/yoast.com\/wordpress\/plugins\/seo\/ -->\n<title>Servicii - Instala\u021bii fotovoltaice<\/title>\n<meta name=\"robots\" content=\"index, follow, max-snippet:-1, max-image-preview:large, max-video-preview:-1\" \/>\n<link rel=\"canonical\" href=\"https:\/\/instalatii-fotovoltaice.ro\/ro\/servicii\/\" \/>\n<meta property=\"og:locale\" content=\"ro_RO\" \/>\n<meta property=\"og:type\" content=\"article\" \/>\n<meta property=\"og:title\" content=\"Servicii - Instala\u021bii fotovoltaice\" \/>\n<meta property=\"og:url\" content=\"https:\/\/instalatii-fotovoltaice.ro\/ro\/servicii\/\" \/>\n<meta property=\"og:site_name\" content=\"Instala\u021bii fotovoltaice\" \/>\n<meta property=\"article:publisher\" content=\"https:\/\/www.facebook.com\/villexelectric\" \/>\n<meta property=\"article:modified_time\" content=\"2023-08-07T13:21:40+00:00\" \/>\n<meta property=\"og:image\" content=\"https:\/\/instalatii-fotovoltaice.ro\/wp\/wp-content\/uploads\/2023\/09\/2023-09-07_12-20-16_044579.jpg\" \/>\n\t<meta property=\"og:image:width\" content=\"1135\" \/>\n\t<meta property=\"og:image:height\" content=\"1600\" \/>\n\t<meta property=\"og:image:type\" content=\"image\/jpeg\" \/>\n<meta name=\"twitter:card\" content=\"summary_large_image\" \/>\n<script type=\"application\/ld+json\" class=\"yoast-schema-graph\">{\"@context\":\"https:\/\/schema.org\",\"@graph\":[{\"@type\":\"WebPage\",\"@id\":\"https:\/\/instalatii-fotovoltaice.ro\/servicii\/\",\"url\":\"https:\/\/instalatii-fotovoltaice.ro\/servicii\/\",\"name\":\"Servicii - Instala\u021bii fotovoltaice\",\"isPartOf\":{\"@id\":\"https:\/\/instalatii-fotovoltaice.ro\/#website\"},\"datePublished\":\"2023-07-07T09:15:40+00:00\",\"dateModified\":\"2023-08-07T13:21:40+00:00\",\"breadcrumb\":{\"@id\":\"https:\/\/instalatii-fotovoltaice.ro\/servicii\/#breadcrumb\"},\"inLanguage\":\"ro-RO\",\"potentialAction\":[{\"@type\":\"ReadAction\",\"target\":[\"https:\/\/instalatii-fotovoltaice.ro\/servicii\/\"]}]},{\"@type\":\"BreadcrumbList\",\"@id\":\"https:\/\/instalatii-fotovoltaice.ro\/servicii\/#breadcrumb\",\"itemListElement\":[{\"@type\":\"ListItem\",\"position\":1,\"name\":\"Prima pagin\u0103\",\"item\":\"https:\/\/instalatii-fotovoltaice.ro\/\"},{\"@type\":\"ListItem\",\"position\":2,\"name\":\"Servicii\"}]},{\"@type\":\"WebSite\",\"@id\":\"https:\/\/instalatii-fotovoltaice.ro\/#website\",\"url\":\"https:\/\/instalatii-fotovoltaice.ro\/\",\"name\":\"Instala\u021bii fotovoltaice\",\"description\":\"\",\"publisher\":{\"@id\":\"https:\/\/instalatii-fotovoltaice.ro\/#organization\"},\"potentialAction\":[{\"@type\":\"SearchAction\",\"target\":{\"@type\":\"EntryPoint\",\"urlTemplate\":\"https:\/\/instalatii-fotovoltaice.ro\/?s={search_term_string}\"},\"query-input\":{\"@type\":\"PropertyValueSpecification\",\"valueRequired\":true,\"valueName\":\"search_term_string\"}}],\"inLanguage\":\"ro-RO\"},{\"@type\":\"Organization\",\"@id\":\"https:\/\/instalatii-fotovoltaice.ro\/#organization\",\"name\":\"Instala\u021bii fotovoltaice\",\"url\":\"https:\/\/instalatii-fotovoltaice.ro\/\",\"logo\":{\"@type\":\"ImageObject\",\"inLanguage\":\"ro-RO\",\"@id\":\"https:\/\/instalatii-fotovoltaice.ro\/#\/schema\/logo\/image\/\",\"url\":\"https:\/\/instalatii-fotovoltaice.ro\/wp\/wp-content\/uploads\/2023\/08\/logo2.png\",\"contentUrl\":\"https:\/\/instalatii-fotovoltaice.ro\/wp\/wp-content\/uploads\/2023\/08\/logo2.png\",\"width\":225,\"height\":61,\"caption\":\"Instala\u021bii fotovoltaice\"},\"image\":{\"@id\":\"https:\/\/instalatii-fotovoltaice.ro\/#\/schema\/logo\/image\/\"},\"sameAs\":[\"https:\/\/www.facebook.com\/villexelectric\"]}]}<\/script>\n<!-- \/ Yoast SEO plugin. -->","yoast_head_json":{"title":"Servicii - Instala\u021bii fotovoltaice","robots":{"index":"index","follow":"follow","max-snippet":"max-snippet:-1","max-image-preview":"max-image-preview:large","max-video-preview":"max-video-preview:-1"},"canonical":"https:\/\/instalatii-fotovoltaice.ro\/ro\/servicii\/","og_locale":"ro_RO","og_type":"article","og_title":"Servicii - Instala\u021bii fotovoltaice","og_url":"https:\/\/instalatii-fotovoltaice.ro\/ro\/servicii\/","og_site_name":"Instala\u021bii fotovoltaice","article_publisher":"https:\/\/www.facebook.com\/villexelectric","article_modified_time":"2023-08-07T13:21:40+00:00","og_image":[{"width":1135,"height":1600,"url":"https:\/\/instalatii-fotovoltaice.ro\/wp\/wp-content\/uploads\/2023\/09\/2023-09-07_12-20-16_044579.jpg","type":"image\/jpeg"}],"twitter_card":"summary_large_image","schema":{"@context":"https:\/\/schema.org","@graph":[{"@type":"WebPage","@id":"https:\/\/instalatii-fotovoltaice.ro\/servicii\/","url":"https:\/\/instalatii-fotovoltaice.ro\/servicii\/","name":"Servicii - Instala\u021bii fotovoltaice","isPartOf":{"@id":"https:\/\/instalatii-fotovoltaice.ro\/#website"},"datePublished":"2023-07-07T09:15:40+00:00","dateModified":"2023-08-07T13:21:40+00:00","breadcrumb":{"@id":"https:\/\/instalatii-fotovoltaice.ro\/servicii\/#breadcrumb"},"inLanguage":"ro-RO","potentialAction":[{"@type":"ReadAction","target":["https:\/\/instalatii-fotovoltaice.ro\/servicii\/"]}]},{"@type":"BreadcrumbList","@id":"https:\/\/instalatii-fotovoltaice.ro\/servicii\/#breadcrumb","itemListElement":[{"@type":"ListItem","position":1,"name":"Prima pagin\u0103","item":"https:\/\/instalatii-fotovoltaice.ro\/"},{"@type":"ListItem","position":2,"name":"Servicii"}]},{"@type":"WebSite","@id":"https:\/\/instalatii-fotovoltaice.ro\/#website","url":"https:\/\/instalatii-fotovoltaice.ro\/","name":"Instala\u021bii fotovoltaice","description":"","publisher":{"@id":"https:\/\/instalatii-fotovoltaice.ro\/#organization"},"potentialAction":[{"@type":"SearchAction","target":{"@type":"EntryPoint","urlTemplate":"https:\/\/instalatii-fotovoltaice.ro\/?s={search_term_string}"},"query-input":{"@type":"PropertyValueSpecification","valueRequired":true,"valueName":"search_term_string"}}],"inLanguage":"ro-RO"},{"@type":"Organization","@id":"https:\/\/instalatii-fotovoltaice.ro\/#organization","name":"Instala\u021bii fotovoltaice","url":"https:\/\/instalatii-fotovoltaice.ro\/","logo":{"@type":"ImageObject","inLanguage":"ro-RO","@id":"https:\/\/instalatii-fotovoltaice.ro\/#\/schema\/logo\/image\/","url":"https:\/\/instalatii-fotovoltaice.ro\/wp\/wp-content\/uploads\/2023\/08\/logo2.png","contentUrl":"https:\/\/instalatii-fotovoltaice.ro\/wp\/wp-content\/uploads\/2023\/08\/logo2.png","width":225,"height":61,"caption":"Instala\u021bii fotovoltaice"},"image":{"@id":"https:\/\/instalatii-fotovoltaice.ro\/#\/schema\/logo\/image\/"},"sameAs":["https:\/\/www.facebook.com\/villexelectric"]}]}},"_links":{"self":[{"href":"https:\/\/instalatii-fotovoltaice.ro\/ro\/wp-json\/wp\/v2\/pages\/72","targetHints":{"allow":["GET"]}}],"collection":[{"href":"https:\/\/instalatii-fotovoltaice.ro\/ro\/wp-json\/wp\/v2\/pages"}],"about":[{"href":"https:\/\/instalatii-fotovoltaice.ro\/ro\/wp-json\/wp\/v2\/types\/page"}],"author":[{"embeddable":true,"href":"https:\/\/instalatii-fotovoltaice.ro\/ro\/wp-json\/wp\/v2\/users\/1"}],"replies":[{"embeddable":true,"href":"https:\/\/instalatii-fotovoltaice.ro\/ro\/wp-json\/wp\/v2\/comments?post=72"}],"version-history":[{"count":4,"href":"https:\/\/instalatii-fotovoltaice.ro\/ro\/wp-json\/wp\/v2\/pages\/72\/revisions"}],"predecessor-version":[{"id":107,"href":"https:\/\/instalatii-fotovoltaice.ro\/ro\/wp-json\/wp\/v2\/pages\/72\/revisions\/107"}],"wp:attachment":[{"href":"https:\/\/instalatii-fotovoltaice.ro\/ro\/wp-json\/wp\/v2\/media?parent=72"}],"curies":[{"name":"wp","href":"https:\/\/api.w.org\/{rel}","templated":true}]}}